{"id":17,"date":"2021-11-24T16:58:26","date_gmt":"2021-11-24T15:58:26","guid":{"rendered":"http:\/\/sthub.be\/?page_id=17"},"modified":"2025-08-28T15:01:20","modified_gmt":"2025-08-28T13:01:20","slug":"documents-a-telecharger","status":"publish","type":"page","link":"https:\/\/sthub.be\/?page_id=17","title":{"rendered":"Documents \u00e0 t\u00e9l\u00e9charger"},"content":{"rendered":"\n<ul><li><a href=\"http:\/\/sthub.be\/wp-content\/uploads\/2024\/08\/ACCUSE-DE-LECTURE-ROI.pdf\">Accus\u00e9 de lecture, r\u00e8glement d&rsquo;ordre int\u00e9rieur<\/a><\/li><li><a href=\"http:\/\/sthub.be\/wp-content\/uploads\/2021\/11\/Autorisation-photos-.pdf\">Autorisation photos<\/a><\/li><li><a href=\"http:\/\/sthub.be\/wp-content\/uploads\/2025\/08\/Sortie-25-26.pdf\">Lettre de sortie &#8211; Chaudron 2025-2026<\/a><\/li><li><a href=\"http:\/\/www.enseignement.be\/index.php?page=26779&#038;navi=3387\">Gratuit\u00e9 de l&rsquo;enseignement obligatoire<\/a><\/li><li><a href=\"http:\/\/sthub.be\/wp-content\/uploads\/2025\/08\/Procedure-dalerte-nucleaire.pdf\">Alerte nucl\u00e9aire<\/a><\/li><li><a href=\"http:\/\/sthub.be\/wp-content\/uploads\/2025\/08\/BSO-fondamental-2025-2026.pdf\">BSO fondamental<\/a><\/li><li><a href=\"http:\/\/sthub.be\/wp-content\/uploads\/2025\/08\/Doc-Maladies-infectieuses-a-declarer-info-parents-2025-2026.pdf\">Maladies infectieuses<\/a><\/li><li><a href=\"http:\/\/sthub.be\/wp-content\/uploads\/2025\/08\/Procedure-meningite-destinee-aux-parents.pdf\">Pr\u00e9vention m\u00e9ningite<\/a><\/li><li>Frais scolaires<ul><li><a href=\"http:\/\/sthub.be\/wp-content\/uploads\/2025\/08\/Estimation-des-frais-25-26.pdf\">Frais scolaires (principes g\u00e9n\u00e9raux)<\/a><\/li><li><a href=\"http:\/\/sthub.be\/wp-content\/uploads\/2024\/08\/inscription-repas-prim-VH-et-CH-24-25.pdf\">Frais scolaires primaires<\/a><\/li><li><a href=\"http:\/\/sthub.be\/wp-content\/uploads\/2024\/08\/inscription-repas-maternelles-24-25.pdf\">Frais scolaires maternelles<\/a><li><a href=\"http:\/\/www.enseignement.be\/index.php?page=26778&#038;navi=3386  \">Informations FWB<\/li><\/ul><\/li><li>Mat\u00e9riel scolaire<ul><li><a href=\"http:\/\/sthub.be\/wp-content\/uploads\/2025\/07\/Liste-materiel-Acc-M1_25-26.pdf\">Accueil M1<\/a><\/li><li><a href=\"http:\/\/sthub.be\/wp-content\/uploads\/2025\/07\/Liste-materiel-M2_25-26.pdf\">M2<\/a><\/li><li><a href=\"http:\/\/sthub.be\/wp-content\/uploads\/2025\/07\/Liste-materiel-M3_25-26.pdf\">M3<\/a><\/li><li><a href=\"http:\/\/sthub.be\/wp-content\/uploads\/2025\/07\/Liste-materiel-P1_25-26.pdf\">P1<\/a><\/li><li><a href=\"http:\/\/sthub.be\/wp-content\/uploads\/2025\/07\/Liste-materiel-P2_25-26.pdf\">P2<\/a><\/li><li><a href=\"http:\/\/sthub.be\/wp-content\/uploads\/2025\/07\/Liste-materiel-P3_25-26.pdf\">P3<\/a><\/li><li><a href=\"http:\/\/sthub.be\/wp-content\/uploads\/2025\/07\/Materiel-scolaire-P4-2025-2026.pdf\">P4<\/a><\/li><li><a href=\"http:\/\/sthub.be\/wp-content\/uploads\/2025\/07\/Materiel-scolaire-P5-2025-2026.pdf\">P5<\/a><\/li><li><a href=\"http:\/\/sthub.be\/wp-content\/uploads\/2025\/07\/Materiel-scolaire-P6-2025-2026.pdf\">P6<\/a><\/li><\/ul><\/li>\n<li><a href=\"http:\/\/sthub.be\/wp-content\/uploads\/2024\/08\/Justificatif-dabsence.pdf\">Absence, registre et visa direction<\/a><\/li>\n<li><a href=\"http:\/\/sthub.be\/wp-content\/uploads\/2021\/11\/Obligation-scolaire-M3.pdf\">Obligation scolaire<\/a><\/li><li><a href=\"http:\/\/sthub.be\/wp-content\/uploads\/2025\/08\/protection-vie-privee-mails.pdf\">Protection de la vie priv\u00e9e<\/a><\/li><\/ul>\n\n\n\n<p><\/p>\n","protected":false},"excerpt":{"rendered":"<p>Accus\u00e9 de lecture, r\u00e8glement d&rsquo;ordre int\u00e9rieur Autorisation photos Lettre de sortie &#8211; Chaudron 2025-2026 Gratuit\u00e9 de l&rsquo;enseignement obligatoire Alerte nucl\u00e9aire BSO fondamental Maladies infectieuses Pr\u00e9vention m\u00e9ningite Frais scolaires Frais scolaires (principes g\u00e9n\u00e9raux) Frais scolaires primaires Frais scolaires maternelles Informations FWB Mat\u00e9riel scolaire Accueil M1 M2 M3 P1 P2 P3 P4 P5 P6 Absence, registre et &hellip; <\/p>\n<p class=\"link-more\"><a href=\"https:\/\/sthub.be\/?page_id=17\" class=\"more-link\">Continuer la lecture<span class=\"screen-reader-text\"> de &laquo;&nbsp;Documents \u00e0 t\u00e9l\u00e9charger&nbsp;&raquo;<\/span><\/a><\/p>\n","protected":false},"author":1,"featured_media":0,"parent":0,"menu_order":0,"comment_status":"closed","ping_status":"closed","template":"","meta":{"footnotes":""},"class_list":["post-17","page","type-page","status-publish","hentry"],"_links":{"self":[{"href":"https:\/\/sthub.be\/index.php?rest_route=\/wp\/v2\/pages\/17","targetHints":{"allow":["GET"]}}],"collection":[{"href":"https:\/\/sthub.be\/index.php?rest_route=\/wp\/v2\/pages"}],"about":[{"href":"https:\/\/sthub.be\/index.php?rest_route=\/wp\/v2\/types\/page"}],"author":[{"embeddable":true,"href":"https:\/\/sthub.be\/index.php?rest_route=\/wp\/v2\/users\/1"}],"replies":[{"embeddable":true,"href":"https:\/\/sthub.be\/index.php?rest_route=%2Fwp%2Fv2%2Fcomments&post=17"}],"version-history":[{"count":113,"href":"https:\/\/sthub.be\/index.php?rest_route=\/wp\/v2\/pages\/17\/revisions"}],"predecessor-version":[{"id":1106,"href":"https:\/\/sthub.be\/index.php?rest_route=\/wp\/v2\/pages\/17\/revisions\/1106"}],"wp:attachment":[{"href":"https:\/\/sthub.be\/index.php?rest_route=%2Fwp%2Fv2%2Fmedia&parent=17"}],"curies":[{"name":"wp","href":"https:\/\/api.w.org\/{rel}","templated":true}]}}